{"id":1450,"date":"2020-09-22T03:22:29","date_gmt":"2020-09-22T03:22:29","guid":{"rendered":"https:\/\/meditacionyogabarcelona.com\/a-propos-de-nous\/"},"modified":"2024-08-22T13:46:21","modified_gmt":"2024-08-22T11:46:21","slug":"about-us-2","status":"publish","type":"page","link":"https:\/\/meditacionyogabarcelona.com\/fr\/about-us-2\/","title":{"rendered":"\u00c0 propos de nous"},"content":{"rendered":"<h1>Rencontrez Edward Niembro : Votre guide en m\u00e9ditation de pleine conscience et en paix int\u00e9rieure chez M\u00e9ditaci\u00f3n Yoga Barcelona<\/h1>\n<h2>Mon parcours<\/h2>\n<p>\t\t\t\t\t\t\t\t\t\t\t\t<img decoding=\"async\" src=\"https:\/\/meditacionyogabarcelona.com\/wp-content\/uploads\/2024\/04\/IMG_4826.png\" title=\"IMG_4826\" alt=\"IMG_4826\">\t\t\t\t\t\t\t\t\t\t\t\t\t\t<\/p>\n<p>Bonjour, je suis Edward (Ed) Niembro, le c\u0153ur derri\u00e8re <em>Meditacion Yoga Barcelona<\/em>.<\/p>\n<p>Originaire de la dynamique ville de Sydney, en Australie, j&rsquo;ai entrepris un voyage transformateur qui m&rsquo;a conduit \u00e0 Barcelone en septembre 2019. En tant que fondateur de <em>Ed Yoga Fontainebleau<\/em> et du pionnier <em>Le Centre de Meditation Yoga<\/em> en France, mon parcours a \u00e9t\u00e9 profond\u00e9ment enrichi par les traditions orientales et occidentales de la pleine conscience et du yoga. <\/p>\n<p><strong>Un Parcours Diversifi\u00e9 uni par la Pleine Conscience<\/strong><\/p>\n<p>Fort de plus de deux d\u00e9cennies d&rsquo;exp\u00e9rience en durabilit\u00e9 et gestion de projets \u00e0 travers l&rsquo;Asie et l&rsquo;Europe, mon parcours professionnel est vari\u00e9. Cependant, le fil conducteur a toujours \u00e9t\u00e9 mon engagement envers la m\u00e9ditation Vipassana depuis 1998. Sous la lign\u00e9e prestigieuse de Jack Kornfield et Tara Brach, j&rsquo;ai affin\u00e9 ma pratique et mon enseignement, devenant enseignant senior certifi\u00e9 en pleine conscience accr\u00e9dit\u00e9 par l&rsquo;International Meditation Teachers Association depuis 2018.  <\/p>\n<p><strong>Instructeur certifi\u00e9 de Hatha Yoga avec une perspective globale<\/strong><\/p>\n<p>Mon parcours en yoga m&rsquo;a conduit de l&rsquo;obtention de ma certification de professeur de Hatha Yoga avec l&rsquo;International Yoga Teachers Association (IYTA) \u00e0 Sydney, jusqu&rsquo;\u00e0 l&rsquo;approfondissement de ma pratique avec Jivamukti Global en Inde (2020). Cette combinaison d&rsquo;exp\u00e9riences uniques m&rsquo;a permis d&rsquo;adopter une approche globale de l&rsquo;enseignement, alliant le physique \u00e0 l&rsquo;aspect profond\u00e9ment spirituel. <\/p>\n<p><strong>Apporter la Pleine Conscience aux Secteurs Corporatif et \u00c9ducatif<\/strong><\/p>\n<p>Mon exp\u00e9rience en tant que facilitateur de pleine conscience r\u00e9sidant \u00e0 l&rsquo;INSEAD Business School et mon exp\u00e9rience internationale dans l&rsquo;introduction de la m\u00e9ditation et du yoga dans divers environnements de travail ont soulign\u00e9 le pouvoir transformateur de la pleine conscience dans la gestion du stress et l&rsquo;am\u00e9lioration du bien-\u00eatre.<\/p>\n<p><strong>Transformation Personnelle gr\u00e2ce \u00e0 la Pleine Conscience<\/strong><\/p>\n<p>Les d\u00e9fis personnels de ma vie, notamment la perte de mes parents, un divorce, et le d\u00e9but d&rsquo;une nouvelle vie \u00e0 Barcelone, ont profond\u00e9ment influenc\u00e9 ma pratique et ma philosophie d&rsquo;enseignement. Ces exp\u00e9riences ont renforc\u00e9 ma conviction dans le pouvoir de la m\u00e9ditation et du yoga pour traverser les \u00ab 10 000 joies et peines \u00bb de la vie. <\/p>\n<p><strong>S\u00e9ances priv\u00e9es et ateliers en ligne ou en ext\u00e9rieur<\/strong><\/p>\n<p>Chez M\u00e9ditaci\u00f3n Yoga Barcelona, mon approche combine la profondeur de la m\u00e9ditation Vipassana avec les pratiques dynamiques du Jivamukti et de l&rsquo;Iyengar au sein de la tradition du Hatha Yoga.<\/p>\n<p>Que vous recherchiez de la clart\u00e9 sur les intentions de votre vie ou un guide spirituel pendant des moments difficiles, mes s\u00e9ances en petits groupes ou priv\u00e9es et mes ateliers sont con\u00e7us pour vous accompagner dans votre parcours.<\/p>\n<p><strong>Commencez votre voyage avec Meditacion Yoga Barcelona<\/strong><\/p>\n<p>Si vous \u00eates pr\u00eat \u00e0 explorer votre monde int\u00e9rieur et d\u00e9couvrir le pouvoir transformateur de la pleine conscience, je suis l\u00e0 pour vous guider. Avec une intention claire, vous trouverez l&rsquo;exp\u00e9rience profond\u00e9ment enrichissante. Et si vous cherchez encore cette clart\u00e9, d\u00e9couvrons-la ensemble.  <\/p>\n<p>Hasta luego!<\/p>\n<p>\u201cWhen the student is ready the teacher will appear\u00a0\u00bb<\/p>\n<h6> &#8211; Buddha Siddhartha Guatama<\/h6>\n<h3>Certifications en Yoga<\/h3>\n<p><strong>Jivamukti Yoga Teacher Training (2020)<\/strong> Cours de 300 heures (Maharashtra, Inde), enti\u00e8rement enregistr\u00e9 aupr\u00e8s de Jivamukti Global et Yoga Alliance<\/p>\n<p><strong>Jivamukti Yoga Spiritual Warrior Teacher Training (2019)<\/strong> \u2013 Cours de 75 heures (Barcelone, Espagne), enti\u00e8rement enregistr\u00e9 aupr\u00e8s de Jivamukti Global et Yoga Alliance<\/p>\n<p><strong>Yoga for Teenagers Teacher Training (2017)<\/strong> \u2013 Cours de 50 heures (Barcelone, Espagne), enti\u00e8rement enregistr\u00e9 aupr\u00e8s de Yoga Alliance<\/p>\n<p><strong>Diploma of Yoga Teacher Training (2011)<\/strong> \u2013 Cours de 460 heures (Sydney, Australie), enti\u00e8rement enregistr\u00e9 aupr\u00e8s de l&rsquo;International Yoga Teachers Association (Australie) et de Yoga Alliance<\/p>\n<h3>Certifications en M\u00e9ditation<\/h3>\n<p><strong>Mindfulness Meditation Teacher Certification Program (2019-2021)<\/strong> &#8211; The Greater Good Science Center (GGSC) Tara Brach Jack Kornfield, enti\u00e8rement enregistr\u00e9 aupr\u00e8s de l&rsquo;International Meditation Teachers Association (IMTA)<\/p>\n<p><strong>Senior Meditation Teacher, Certification Programme (2018)<\/strong> \u2013 Enti\u00e8rement enregistr\u00e9 aupr\u00e8s de l&rsquo;International Meditation Teachers Association (IMTA)<\/p>\n<p><strong>Certification Programme (2016)<\/strong> \u2013 Cours de 200 heures \u00e0 l\u2019Universit\u00e9 de Holistic Theology, Floride, \u00c9tats-Unis, enti\u00e8rement enregistr\u00e9 aupr\u00e8s de l&rsquo;International Meditation Teachers Association (IMTA)<\/p>\n<p><strong>Diploma of Yoga Teacher Training (2011)<\/strong> \u2013 460-hour course (Sydney, Australia) fully registered with Yoga Australia and Yoga Alliance<\/p>\n<figure class=\"gallery-item\">\n\t\t\t\t<a data-elementor-open-lightbox=\"yes\" data-elementor-lightbox-slideshow=\"6dadb13f\" data-elementor-lightbox-title=\"yoga-alliance-australia.jpg\" href=\"https:\/\/meditacionyogabarcelona.com\/wp-content\/uploads\/2021\/02\/yoga-alliance-australia.jpg\"><img decoding=\"async\" width=\"150\" height=\"150\" src=\"https:\/\/meditacionyogabarcelona.com\/wp-content\/uploads\/2021\/02\/yoga-alliance-australia-150x150.jpg\" alt=\"\" srcset=\"https:\/\/meditacionyogabarcelona.com\/wp-content\/uploads\/2021\/02\/yoga-alliance-australia-150x150.jpg 150w, https:\/\/meditacionyogabarcelona.com\/wp-content\/uploads\/2021\/02\/yoga-alliance-australia-300x300.jpg 300w, https:\/\/meditacionyogabarcelona.com\/wp-content\/uploads\/2021\/02\/yoga-alliance-australia.jpg 450w\" sizes=\"(max-width: 150px) 100vw, 150px\"><\/a><br \/>\n\t\t\t<\/figure>\n<figure class=\"gallery-item\">\n\t\t\t\t<a data-elementor-open-lightbox=\"yes\" data-elementor-lightbox-slideshow=\"6dadb13f\" data-elementor-lightbox-title=\"iyta.jpg\" href=\"https:\/\/meditacionyogabarcelona.com\/wp-content\/uploads\/2021\/02\/iyta.jpg\"><img decoding=\"async\" width=\"150\" height=\"150\" src=\"https:\/\/meditacionyogabarcelona.com\/wp-content\/uploads\/2021\/02\/iyta-150x150.jpg\" alt=\"\" srcset=\"https:\/\/meditacionyogabarcelona.com\/wp-content\/uploads\/2021\/02\/iyta-150x150.jpg 150w, https:\/\/meditacionyogabarcelona.com\/wp-content\/uploads\/2021\/02\/iyta-300x300.jpg 300w, https:\/\/meditacionyogabarcelona.com\/wp-content\/uploads\/2021\/02\/iyta.jpg 450w\" sizes=\"(max-width: 150px) 100vw, 150px\"><\/a><br \/>\n\t\t\t<\/figure>\n<figure class=\"gallery-item\">\n\t\t\t\t<a data-elementor-open-lightbox=\"yes\" data-elementor-lightbox-slideshow=\"6dadb13f\" data-elementor-lightbox-title=\"jivamukti.png\" href=\"https:\/\/meditacionyogabarcelona.com\/wp-content\/uploads\/2021\/02\/jivamukti.png\"><img decoding=\"async\" width=\"150\" height=\"150\" src=\"https:\/\/meditacionyogabarcelona.com\/wp-content\/uploads\/2021\/02\/jivamukti-150x150.png\" alt=\"\" srcset=\"https:\/\/meditacionyogabarcelona.com\/wp-content\/uploads\/2021\/02\/jivamukti-150x150.png 150w, https:\/\/meditacionyogabarcelona.com\/wp-content\/uploads\/2021\/02\/jivamukti.png 200w\" sizes=\"(max-width: 150px) 100vw, 150px\"><\/a><br \/>\n\t\t\t<\/figure>\n<figure class=\"gallery-item\">\n\t\t\t\t<a data-elementor-open-lightbox=\"yes\" data-elementor-lightbox-slideshow=\"6dadb13f\" data-elementor-lightbox-title=\"cmt-professional_level_large.png\" href=\"https:\/\/meditacionyogabarcelona.com\/wp-content\/uploads\/2021\/02\/cmt-professional_level_large.png\"><img loading=\"lazy\" decoding=\"async\" width=\"150\" height=\"150\" src=\"https:\/\/meditacionyogabarcelona.com\/wp-content\/uploads\/2021\/02\/cmt-professional_level_large-150x150.png\" alt=\"\" srcset=\"https:\/\/meditacionyogabarcelona.com\/wp-content\/uploads\/2021\/02\/cmt-professional_level_large-150x150.png 150w, https:\/\/meditacionyogabarcelona.com\/wp-content\/uploads\/2021\/02\/cmt-professional_level_large-300x300.png 300w, https:\/\/meditacionyogabarcelona.com\/wp-content\/uploads\/2021\/02\/cmt-professional_level_large.png 750w\" sizes=\"(max-width: 150px) 100vw, 150px\"><\/a><br \/>\n\t\t\t<\/figure>\n<p>\t\t[gmb-review location=\u00a0\u00bbaccounts\/101030089523834682076\/locations\/7098256338619071200&Prime; type=\u00a0\u00bbslider\u00a0\u00bb minimum-stars=\u00a0\u00bb5&Prime; sort-by=\u00a0\u00bbdate\u00a0\u00bb sort-order=\u00a0\u00bbdesc\u00a0\u00bb review-amount=\u00a0\u00bb200&Prime; slides-page=\u00a0\u00bb3&Prime; slides-scroll=\u00a0\u00bb6&Prime; autoplay=\u00a0\u00bbtrue\u00a0\u00bb speed=\u00a0\u00bb5000&Prime; transition=\u00a0\u00bbslide\u00a0\u00bb read-more=\u00a0\u00bbfalse\u00a0\u00bb show-stars=\u00a0\u00bbtrue\u00a0\u00bb show-date=\u00a0\u00bbfalse\u00a0\u00bb show-quotes=\u00a0\u00bbtrue\u00a0\u00bb]\t\t<\/p>\n<h3>Formation en M\u00e9ditation et D\u00e9veloppement Professionnel <\/h3>\n<p>\t\t\t\t\t\t\t\t\t\t\t\t<a href=\"\">10 day Vipassana Meditation Retreat (Spain) &#8211; August 2020 (100 hours)<\/a> Focus on anapana meditation, insight meditation and metta (loving kindness) meditation <a href=\"\">20 day Vipassana Meditation Retreat (Germany) \u2013 August 2019 (200 hours)<\/a> Focus on anapana meditation, insight meditation and metta (loving kindness) meditation <a href=\"\">10 day Vipassana Meditation Retreat (France) \u2013 July 2018 (100 hours) <\/a> Focus on anapana meditation, insight meditation and metta (loving kindness) meditation <a href=\"\">10 day Vipassana Meditation Retreat (France) \u2013 July 2017 (100 hours)<\/a> Focus on anapana meditation, insight meditation and metta (loving kindness) meditation <a href=\"\">10 day Vipassana Meditation Retreat (Australia) \u2013 July 2013 (100 hours)<\/a> Focus on anapana meditation, insight meditation and metta (loving kindness) meditation <a href=\"\">10 day Vipassana Meditation Retreat (Australia) \u2013 July 2009 (100 hours)<\/a> Focus on anapana meditation, insight meditation and metta (loving kindness) meditation <a href=\"\">10 day Vipassana Meditation Retreat (Australia) \u2013 July 2007 (100 hours)<\/a> Focus on anapana meditation, insight meditation and metta (loving kindness) meditation <a href=\"\">Long term Vipassana Meditation Retreat (Australia) \u2013 July to September 2004 (2 months)<\/a> Focus on simple living, walking meditation and integration of meditation into daily activities <a href=\"\">10 day Vipassana Meditation Retreat (France) \u2013 November 2003 (100 hours)<\/a> Focus on anapana meditation, insight meditation and metta (loving kindness) meditation <a href=\"\">10 day Vipassana Meditation Retreat (UK) \u2013 July 2002 (100 hours)<\/a> Focus on anapana meditation, insight meditation and metta (loving kindness) meditation <a href=\"\">Long term Vipassana Meditation Retreat (Australia) \u2013 July to September 2004 (2 months)<\/a> Focus on simple living, walking meditation and integration of meditation into daily activities <a href=\"\">10 day Vipassana Meditation Retreat (Australia) \u2013 July 1998 (100 hours) <\/a> Focus on anapana meditation, insight meditation and metta (loving kindness) meditation <a href=\"\">10 day Vipassana Meditation Retreat (Nepal) \u2013 March 1998 (100 hours)<\/a> Focus on anapana meditation, insight meditation and metta (loving kindness) meditation <a href=\"\">5 day Metta (Loving Kindness) Meditation Retreat (Sri Lanka) \u2013 January 1998 (50 hours)<\/a> Focus on anapana meditation, insight meditation and metta (loving kindness) meditation              <\/p>\n<h3>S\u00e9ances Priv\u00e9es avec Ed<\/h3>\n<p>Discutez avec Ed de vos besoins La m\u00e9ditation \u00e9tait traditionnellement enseign\u00e9e en t\u00eate-\u00e0-t\u00eate, les ma\u00eetres spirituels transmettant leur sagesse aux \u00e9l\u00e8ves de mani\u00e8re adapt\u00e9e \u00e0 chacun. Aujourd&rsquo;hui, les cours de m\u00e9ditation priv\u00e9s restent la meilleure fa\u00e7on d&rsquo;apprendre.<\/p>\n<p>\t\t\t<a role=\"button\"> R\u00e9servez maintenant <\/a><\/p>\n","protected":false},"excerpt":{"rendered":"<p>Rencontrez Edward Niembro : Votre guide en m\u00e9ditation de pleine conscience et en paix int\u00e9rieure chez M\u00e9ditaci\u00f3n Yoga Barcelona Mon parcours Bonjour, je suis Edward (Ed) Niembro, le c\u0153ur derri\u00e8re Meditacion Yoga Barcelona. Originaire de la dynamique ville de Sydney, en Australie, j&rsquo;ai entrepris un voyage transformateur qui m&rsquo;a conduit \u00e0 Barcelone en septembre 2019. [&hellip;]<\/p>\n","protected":false},"author":1,"featured_media":0,"parent":0,"menu_order":0,"comment_status":"closed","ping_status":"closed","template":"","meta":{"_acf_changed":false,"footnotes":""},"class_list":["post-1450","page","type-page","status-publish","hentry"],"acf":[],"_links":{"self":[{"href":"https:\/\/meditacionyogabarcelona.com\/fr\/wp-json\/wp\/v2\/pages\/1450","targetHints":{"allow":["GET"]}}],"collection":[{"href":"https:\/\/meditacionyogabarcelona.com\/fr\/wp-json\/wp\/v2\/pages"}],"about":[{"href":"https:\/\/meditacionyogabarcelona.com\/fr\/wp-json\/wp\/v2\/types\/page"}],"author":[{"embeddable":true,"href":"https:\/\/meditacionyogabarcelona.com\/fr\/wp-json\/wp\/v2\/users\/1"}],"replies":[{"embeddable":true,"href":"https:\/\/meditacionyogabarcelona.com\/fr\/wp-json\/wp\/v2\/comments?post=1450"}],"version-history":[{"count":35,"href":"https:\/\/meditacionyogabarcelona.com\/fr\/wp-json\/wp\/v2\/pages\/1450\/revisions"}],"predecessor-version":[{"id":2635,"href":"https:\/\/meditacionyogabarcelona.com\/fr\/wp-json\/wp\/v2\/pages\/1450\/revisions\/2635"}],"wp:attachment":[{"href":"https:\/\/meditacionyogabarcelona.com\/fr\/wp-json\/wp\/v2\/media?parent=1450"}],"curies":[{"name":"wp","href":"https:\/\/api.w.org\/{rel}","templated":true}]}}